{"id":2,"date":"2016-05-10T03:48:21","date_gmt":"2016-05-10T03:48:21","guid":{"rendered":"https:\/\/www.einfachomnia.de\/?page_id=2"},"modified":"2026-04-01T12:17:15","modified_gmt":"2026-04-01T12:17:15","slug":"ueber-uns","status":"publish","type":"page","link":"https:\/\/www.einfachomnia.de\/","title":{"rendered":"Erfahrung ist Entwicklung"},"content":{"rendered":"\n<h2 class=\"wp-block-heading\"><strong>Willkommen bei<\/strong> <strong>omnia e.V.<\/strong> <\/h2>\n\n\n\n<h5 class=\"wp-block-heading\">Wir sind ein gemeinn\u00fctziger Verein, der sich zur Aufgabe gemacht hat <em>Ideenschmiede &amp; Projektgestalter f\u00fcr Menschen, Teams und Gruppen zu sein. Wir schaffen Erfahrungsspielr\u00e4ume; denn Erfahrung ist Entwicklung.<\/em><\/h5>\n\n\n\n<p><strong>Aktuelles:<\/strong><\/p>\n\n\n\n<h2 class=\"wp-block-heading\">Ausbildung zum Babysitter\/ Babysitterin <\/h2>\n\n\n\n<p><strong>April 2026:<\/strong> <\/p>\n\n\n\n<p>Sonntag 19.04.26 &#8211; 11.00 bis 15.00 Uhr<\/p>\n\n\n\n<p>Samstag 25.04.26 10.00 bis 16.00 Uhr<\/p>\n\n\n\n<p>Du liebst den Umgang mit Kindern und m\u00f6chtest gern nach der Schule oder am Wochenende als BabysitterIn arbeiten? Dann komm zu unserer Ausbildung und erfahre in 3 Bl\u00f6cken alles was du brauchst, um sicher, kompetent und vertrauensvoll arbeiten zu k\u00f6nnen.<\/p>\n\n\n\n<p>Du bekommst ein Zertifikat zum Abschlu\u00df, einen Babysitterauswei\u00df und ein Handout zur Ausbildung. Getr\u00e4nke und Snacks sind vorhanden.<\/p>\n\n\n\n<p><strong>Inhalte:<\/strong><\/p>\n\n\n\n<ul class=\"wp-block-list\">\n<li>Kindheitsp\u00e4dagogik\/Entwicklungspsychologie<\/li>\n\n\n\n<li>Spiele<\/li>\n\n\n\n<li>Kommunikation<\/li>\n\n\n\n<li>Kinderpflege<\/li>\n\n\n\n<li>Ern\u00e4hrung<\/li>\n\n\n\n<li>Verhalten als Babysitter und <\/li>\n\n\n\n<li>Umgang mit den Eltern<\/li>\n\n\n\n<li>Einf\u00fchrung in die wichtigsten Grundlagen der 1.Hilfe bei Kindern durch eine Notfallsanit\u00e4terin und Dozentin<\/li>\n<\/ul>\n\n\n\n<p>Zus\u00e4tzlich bekommst du:<\/p>\n\n\n\n<ul class=\"wp-block-list\">\n<li>einen Anamneseleitfaden f\u00fcr deinen Einsatz als Babysitter und<\/li>\n\n\n\n<li>ein Bewerbungsmuster<\/li>\n\n\n\n<li>eine Vermittlung nach der Ausbildung ist \u00fcber Jana Gose, Reboot Potsdam, m\u00f6glich<\/li>\n<\/ul>\n\n\n\n<p><\/p>\n\n\n\n<p><strong> Leitung:<\/strong> Jana Gose, Sozialarbeiterin, sytemische Familienberaterin, Traumap\u00e4dagogin, Coaching f\u00fcr M\u00e4nner &amp; Paare <a href=\"http:\/\/www.reboot-potsdam.de\">www.reboot-potsdam.de<\/a><\/p>\n\n\n\n<p><strong>Einf\u00fchrung in die 1.Hilfe:<\/strong> Jennifer Heinrich, Notfallsanit\u00e4terin\/Dozentin<\/p>\n\n\n\n<p><strong>Ort:<\/strong> Coachingpraxis f\u00fcr M\u00e4nner &amp; Paare, Kastanienallee 35, 14471 Potsdam<\/p>\n\n\n\n<p>Anmeldung bis: 13.04.26<\/p>\n\n\n\n<p>Kosten: 50,00 Euro <\/p>\n\n\n\n<p><strong>Anmeldung:<\/strong> zum <a href=\"https:\/\/acrobat.adobe.com\/id\/urn:aaid:sc:EU:42f61e21-30ce-4add-9e21-b8bde94ca3ca\" target=\"_blank\" rel=\"noreferrer noopener\">Anmeldeformular<\/a><\/p>\n\n\n\n<h2 class=\"wp-block-heading\">Unsere Angebote<\/h2>\n\n\n\n<ul class=\"wp-block-list\">\n<li>Waldbaden f\u00fcr Teams, Selbsthilfegruppen in Potsdam und Umgebung<\/li>\n\n\n\n<li>Kurse in Selbstverteidigung f\u00fcr Frauen<\/li>\n\n\n\n<li>Anbieter des Babysitterscheins f\u00fcr Jugendliche<\/li>\n<\/ul>\n\n\n\n<p><strong>Sie k\u00f6nnen uns anfragen f\u00fcr:<\/strong><\/p>\n\n\n\n<ul class=\"wp-block-list\">\n<li>Teambuilding Events &#8211; outdoor<\/li>\n\n\n\n<li>Workshops\/Seminare: Ern\u00e4hrung \/ Sport \/ Selbstverteidigung \/ Erziehungsberatung \/ Paarberatung f\u00fcr Eltern \/ Coaching \/ <\/li>\n<\/ul>\n\n\n\n<div style=\"height:100px\" aria-hidden=\"true\" class=\"wp-block-spacer\"><\/div>\n\n\n\n<div class=\"wp-block-columns is-layout-flex wp-container-core-columns-is-layout-1 wp-block-columns-is-layout-flex\">\n<div class=\"wp-block-column is-layout-flow wp-block-column-is-layout-flow\">\n<p><a href=\"mailto:#\">info@einfachomnia.de<\/a><br>01577 &#8211; 7348 752<\/p>\n<\/div>\n\n\n\n<div class=\"wp-block-column is-vertically-aligned-center is-layout-flow wp-block-column-is-layout-flow\">\n<ul class=\"wp-block-social-links alignright is-style-twentytwentyone-social-icons-color is-layout-flex wp-block-social-links-is-layout-flex\"><li class=\"wp-social-link wp-social-link-facebook  wp-block-social-link\"><a href=\"https:\/\/www.facebook.com\/janagosecoaching\" class=\"wp-block-social-link-anchor\"><svg width=\"24\" height=\"24\" viewBox=\"0 0 24 24\" version=\"1.1\" xmlns=\"http:\/\/www.w3.org\/2000\/svg\" aria-hidden=\"true\" focusable=\"false\"><path d=\"M12 2C6.5 2 2 6.5 2 12c0 5 3.7 9.1 8.4 9.9v-7H7.9V12h2.5V9.8c0-2.5 1.5-3.9 3.8-3.9 1.1 0 2.2.2 2.2.2v2.5h-1.3c-1.2 0-1.6.8-1.6 1.6V12h2.8l-.4 2.9h-2.3v7C18.3 21.1 22 17 22 12c0-5.5-4.5-10-10-10z\"><\/path><\/svg><span class=\"wp-block-social-link-label screen-reader-text\">Facebook<\/span><\/a><\/li>\n\n<li class=\"wp-social-link wp-social-link-chain  wp-block-social-link\"><a href=\"https:\/\/www.reboot-potsdam.de\" class=\"wp-block-social-link-anchor\"><svg width=\"24\" height=\"24\" viewBox=\"0 0 24 24\" version=\"1.1\" xmlns=\"http:\/\/www.w3.org\/2000\/svg\" aria-hidden=\"true\" focusable=\"false\"><path d=\"M15.6,7.2H14v1.5h1.6c2,0,3.7,1.7,3.7,3.7s-1.7,3.7-3.7,3.7H14v1.5h1.6c2.8,0,5.2-2.3,5.2-5.2,0-2.9-2.3-5.2-5.2-5.2zM4.7,12.4c0-2,1.7-3.7,3.7-3.7H10V7.2H8.4c-2.9,0-5.2,2.3-5.2,5.2,0,2.9,2.3,5.2,5.2,5.2H10v-1.5H8.4c-2,0-3.7-1.7-3.7-3.7zm4.6.9h5.3v-1.5H9.3v1.5z\"><\/path><\/svg><span class=\"wp-block-social-link-label screen-reader-text\">Link<\/span><\/a><\/li><\/ul>\n<\/div>\n<\/div>\n\n\n\n<p><\/p>\n","protected":false},"excerpt":{"rendered":"<p>Willkommen bei omnia e.V. Wir sind ein gemeinn\u00fctziger Verein, der sich zur Aufgabe gemacht hat Ideenschmiede &amp; Projektgestalter f\u00fcr Menschen, Teams und Gruppen zu sein. Wir schaffen Erfahrungsspielr\u00e4ume; denn Erfahrung ist Entwicklung. Aktuelles: Ausbildung zum Babysitter\/ Babysitterin April 2026: Sonntag 19.04.26 &#8211; 11.00 bis 15.00 Uhr Samstag 25.04.26 10.00 bis 16.00 Uhr Du liebst den [&hellip;]<\/p>\n","protected":false},"author":1,"featured_media":0,"parent":0,"menu_order":0,"comment_status":"open","ping_status":"closed","template":"","meta":{"footnotes":""},"class_list":["post-2","page","type-page","status-publish","hentry"],"_links":{"self":[{"href":"https:\/\/www.einfachomnia.de\/index.php?rest_route=\/wp\/v2\/pages\/2","targetHints":{"allow":["GET"]}}],"collection":[{"href":"https:\/\/www.einfachomnia.de\/index.php?rest_route=\/wp\/v2\/pages"}],"about":[{"href":"https:\/\/www.einfachomnia.de\/index.php?rest_route=\/wp\/v2\/types\/page"}],"author":[{"embeddable":true,"href":"https:\/\/www.einfachomnia.de\/index.php?rest_route=\/wp\/v2\/users\/1"}],"replies":[{"embeddable":true,"href":"https:\/\/www.einfachomnia.de\/index.php?rest_route=%2Fwp%2Fv2%2Fcomments&post=2"}],"version-history":[{"count":27,"href":"https:\/\/www.einfachomnia.de\/index.php?rest_route=\/wp\/v2\/pages\/2\/revisions"}],"predecessor-version":[{"id":69,"href":"https:\/\/www.einfachomnia.de\/index.php?rest_route=\/wp\/v2\/pages\/2\/revisions\/69"}],"wp:attachment":[{"href":"https:\/\/www.einfachomnia.de\/index.php?rest_route=%2Fwp%2Fv2%2Fmedia&parent=2"}],"curies":[{"name":"wp","href":"https:\/\/api.w.org\/{rel}","templated":true}]}}